{"id":127,"date":"2024-09-24T08:10:44","date_gmt":"2024-09-24T08:10:44","guid":{"rendered":"http:\/\/chkestate.com\/mallorca-entdecken\/"},"modified":"2025-01-13T08:52:00","modified_gmt":"2025-01-13T08:52:00","slug":"mallorca-entdecken","status":"publish","type":"page","link":"https:\/\/chkestate.com\/de\/mallorca-entdecken\/","title":{"rendered":"Mallorca entdecken"},"content":{"rendered":"\n<section class=\"wp-block-cover section-header\" style=\"min-height:430px;aspect-ratio:unset;\"><span aria-hidden=\"true\" class=\"wp-block-cover__background has-background-dim-0 has-background-dim\" style=\"background-color:#959592\"><\/span><img loading=\"lazy\" decoding=\"async\" width=\"1903\" height=\"581\" class=\"wp-block-cover__image-background wp-image-270\" alt=\"\" src=\"https:\/\/chkestate.com\/wp-content\/uploads\/2024\/09\/discover-mallorca.webp\" data-object-fit=\"cover\" srcset=\"https:\/\/chkestate.com\/wp-content\/uploads\/2024\/09\/discover-mallorca.webp 1903w, https:\/\/chkestate.com\/wp-content\/uploads\/2024\/09\/discover-mallorca-300x92.webp 300w, https:\/\/chkestate.com\/wp-content\/uploads\/2024\/09\/discover-mallorca-1024x313.webp 1024w, https:\/\/chkestate.com\/wp-content\/uploads\/2024\/09\/discover-mallorca-768x234.webp 768w, https:\/\/chkestate.com\/wp-content\/uploads\/2024\/09\/discover-mallorca-1536x469.webp 1536w\" sizes=\"auto, (max-width: 1903px) 100vw, 1903px\" \/><div class=\"wp-block-cover__inner-container is-layout-constrained wp-block-cover-is-layout-constrained\">\n<h1 class=\"wp-block-heading has-text-align-center has-large-font-size\">Mallorca entdecken<\/h1>\n\n\n\n<p>Luxus-Immobilien auf Mallorca<\/p>\n<\/div><\/section>\n\n<div class=\"wp-block-group discover__container\"><div class=\"wp-block-group__inner-container is-layout-constrained wp-block-group-is-layout-constrained\">\n<div class=\"wp-block-columns is-layout-flex wp-container-core-columns-is-layout-9d6595d7 wp-block-columns-is-layout-flex\">\n<div class=\"wp-block-column is-layout-flow wp-block-column-is-layout-flow\">\n<h2 class=\"wp-block-heading\">Mallorca entdecken<\/h2>\n<\/div>\n\n\n\n<div class=\"wp-block-column is-layout-flow wp-block-column-is-layout-flow\">\n<p>Ob es der Charme und die Kultur Palmas ist, die atemberaubende Landschaft, die endlosen Str\u00e4nde, die atemberaubenden Aussichten, die Weinkellereien, die wunderbare Gastronomie&#8230; finden Sie heraus, was Mallorca zu einer der lebenswertesten St\u00e4dte der Welt macht &#8211; hier sind unsere Pflichtlekt\u00fcren f\u00fcr die Entdeckung Mallorcas<\/p>\n<\/div>\n<\/div>\n<\/div><\/div>\n\n<div class=\"wp-block-group discover__container--item\"><div class=\"wp-block-group__inner-container is-layout-constrained wp-block-group-is-layout-constrained\">\n<div class=\"wp-block-columns is-layout-flex wp-container-core-columns-is-layout-9d6595d7 wp-block-columns-is-layout-flex\">\n<div class=\"wp-block-column is-layout-flow wp-block-column-is-layout-flow\" style=\"flex-basis:300px\">\n<h3 class=\"wp-block-heading\"><strong>Palma<\/strong><br\/>Discovering the Old Town<\/h3>\n<\/div>\n\n\n\n<div class=\"wp-block-column is-layout-flow wp-block-column-is-layout-flow\">\n<figure class=\"wp-block-image size-full\"><a href=\"https:\/\/www.visitpalma.com\/en\/pl523\/discover\/what-to-see-and-what-to-do\/essential-experiences\/id17\/old-quarter-every-street-a-treasure.htm\" target=\"_blank\" rel=\" noreferrer noopener\"><img loading=\"lazy\" decoding=\"async\" width=\"814\" height=\"541\" src=\"https:\/\/chkestate.com\/wp-content\/uploads\/2025\/01\/695ba0_c8e706e26ccf4d2cbc67cdc1d40ff424mv2.webp\" alt=\"\" class=\"wp-image-30222\" srcset=\"https:\/\/chkestate.com\/wp-content\/uploads\/2025\/01\/695ba0_c8e706e26ccf4d2cbc67cdc1d40ff424mv2.webp 814w, https:\/\/chkestate.com\/wp-content\/uploads\/2025\/01\/695ba0_c8e706e26ccf4d2cbc67cdc1d40ff424mv2-300x199.webp 300w, https:\/\/chkestate.com\/wp-content\/uploads\/2025\/01\/695ba0_c8e706e26ccf4d2cbc67cdc1d40ff424mv2-768x510.webp 768w\" sizes=\"auto, (max-width: 814px) 100vw, 814px\" \/><\/a><\/figure>\n<\/div>\n<\/div>\n<\/div><\/div>\n\n<div class=\"wp-block-group discover__container--item\"><div class=\"wp-block-group__inner-container is-layout-constrained wp-block-group-is-layout-constrained\">\n<div class=\"wp-block-columns is-layout-flex wp-container-core-columns-is-layout-9d6595d7 wp-block-columns-is-layout-flex\">\n<div class=\"wp-block-column is-layout-flow wp-block-column-is-layout-flow\">\n<figure class=\"wp-block-image size-full\"><a href=\"https:\/\/www.lonelyplanet.com\/spain\/serra-de-tramuntana\" target=\"_blank\" rel=\" noreferrer noopener\"><img loading=\"lazy\" decoding=\"async\" width=\"814\" height=\"458\" src=\"https:\/\/chkestate.com\/wp-content\/uploads\/2025\/01\/695ba0_160c3c0b6bbb4a79aaa2283b9114baecmv2.webp\" alt=\"\" class=\"wp-image-30235\" srcset=\"https:\/\/chkestate.com\/wp-content\/uploads\/2025\/01\/695ba0_160c3c0b6bbb4a79aaa2283b9114baecmv2.webp 814w, https:\/\/chkestate.com\/wp-content\/uploads\/2025\/01\/695ba0_160c3c0b6bbb4a79aaa2283b9114baecmv2-300x169.webp 300w, https:\/\/chkestate.com\/wp-content\/uploads\/2025\/01\/695ba0_160c3c0b6bbb4a79aaa2283b9114baecmv2-768x432.webp 768w\" sizes=\"auto, (max-width: 814px) 100vw, 814px\" \/><\/a><\/figure>\n<\/div>\n\n\n\n<div class=\"wp-block-column is-layout-flow wp-block-column-is-layout-flow\" style=\"flex-basis:300px\">\n<h3 class=\"wp-block-heading\"><strong>Serra de Tramuntana<\/strong><br\/>UNESCO World Heritage<\/h3>\n<\/div>\n<\/div>\n<\/div><\/div>\n\n<div class=\"wp-block-group discover__container--item\"><div class=\"wp-block-group__inner-container is-layout-constrained wp-block-group-is-layout-constrained\">\n<div class=\"wp-block-columns is-layout-flex wp-container-core-columns-is-layout-9d6595d7 wp-block-columns-is-layout-flex\">\n<div class=\"wp-block-column is-layout-flow wp-block-column-is-layout-flow\" style=\"flex-basis:300px\">\n<h3 class=\"wp-block-heading\">Spa Day<\/h3>\n<\/div>\n\n\n\n<div class=\"wp-block-column is-layout-flow wp-block-column-is-layout-flow\">\n<figure class=\"wp-block-image size-full\"><a href=\"https:\/\/www.seemallorca.com\/news\/top-spa-breaks-in-mallorca-694741\" target=\"_blank\" rel=\" noreferrer noopener\"><img loading=\"lazy\" decoding=\"async\" width=\"814\" height=\"401\" src=\"https:\/\/chkestate.com\/wp-content\/uploads\/2025\/01\/695ba0_97802d62cef54cf88f161b9c9695c7d0mv2.webp\" alt=\"\" class=\"wp-image-30239\" srcset=\"https:\/\/chkestate.com\/wp-content\/uploads\/2025\/01\/695ba0_97802d62cef54cf88f161b9c9695c7d0mv2.webp 814w, https:\/\/chkestate.com\/wp-content\/uploads\/2025\/01\/695ba0_97802d62cef54cf88f161b9c9695c7d0mv2-300x148.webp 300w, https:\/\/chkestate.com\/wp-content\/uploads\/2025\/01\/695ba0_97802d62cef54cf88f161b9c9695c7d0mv2-768x378.webp 768w\" sizes=\"auto, (max-width: 814px) 100vw, 814px\" \/><\/a><\/figure>\n<\/div>\n<\/div>\n<\/div><\/div>\n\n<div class=\"wp-block-group discover__container--item\"><div class=\"wp-block-group__inner-container is-layout-constrained wp-block-group-is-layout-constrained\">\n<div class=\"wp-block-columns is-layout-flex wp-container-core-columns-is-layout-9d6595d7 wp-block-columns-is-layout-flex\">\n<div class=\"wp-block-column is-layout-flow wp-block-column-is-layout-flow\">\n<figure class=\"wp-block-image size-full\"><a href=\"https:\/\/www.thetimes.co.uk\/article\/essential-mallorca-n8mrf5nhd?gclid=Cj0KCQjwz8emBhDrARIsANNJjS5UK_Yilq6smJs04m6ZGfqJwefgt3wgEh9pPIUVWRFS0WcigBMX8tcaAsX9EALw_wcB\" target=\"_blank\" rel=\" noreferrer noopener\"><img loading=\"lazy\" decoding=\"async\" width=\"814\" height=\"458\" src=\"https:\/\/chkestate.com\/wp-content\/uploads\/2025\/01\/695ba0_c8b208bdcbcf46a9a34a426e027e4d6fmv2.webp\" alt=\"\" class=\"wp-image-30242\" srcset=\"https:\/\/chkestate.com\/wp-content\/uploads\/2025\/01\/695ba0_c8b208bdcbcf46a9a34a426e027e4d6fmv2.webp 814w, https:\/\/chkestate.com\/wp-content\/uploads\/2025\/01\/695ba0_c8b208bdcbcf46a9a34a426e027e4d6fmv2-300x169.webp 300w, https:\/\/chkestate.com\/wp-content\/uploads\/2025\/01\/695ba0_c8b208bdcbcf46a9a34a426e027e4d6fmv2-768x432.webp 768w\" sizes=\"auto, (max-width: 814px) 100vw, 814px\" \/><\/a><\/figure>\n<\/div>\n\n\n\n<div class=\"wp-block-column is-layout-flow wp-block-column-is-layout-flow\" style=\"flex-basis:300px\">\n<h3 class=\"wp-block-heading\">Mallorca essentials<\/h3>\n<\/div>\n<\/div>\n<\/div><\/div>\n\n<div class=\"wp-block-group discover__container--item\"><div class=\"wp-block-group__inner-container is-layout-constrained wp-block-group-is-layout-constrained\">\n<div class=\"wp-block-columns is-layout-flex wp-container-core-columns-is-layout-9d6595d7 wp-block-columns-is-layout-flex\">\n<div class=\"wp-block-column is-layout-flow wp-block-column-is-layout-flow\" style=\"flex-basis:300px\">\n<h3 class=\"wp-block-heading\"><strong>Mallorca<\/strong><br\/>Off the beaten path<\/h3>\n<\/div>\n\n\n\n<div class=\"wp-block-column is-layout-flow wp-block-column-is-layout-flow\">\n<figure class=\"wp-block-image size-full\"><a href=\"https:\/\/best-of-mallorca.com\/where-to-go\/mallorca-off-the-beaten-path-beaches-well-worth-the-effort\/\" target=\"_blank\" rel=\" noreferrer noopener\"><img loading=\"lazy\" decoding=\"async\" width=\"814\" height=\"407\" src=\"https:\/\/chkestate.com\/wp-content\/uploads\/2025\/01\/695ba0_817a4e3e5d0e4b0ebda7235e4b93ecf8mv2.webp\" alt=\"\" class=\"wp-image-30245\" srcset=\"https:\/\/chkestate.com\/wp-content\/uploads\/2025\/01\/695ba0_817a4e3e5d0e4b0ebda7235e4b93ecf8mv2.webp 814w, https:\/\/chkestate.com\/wp-content\/uploads\/2025\/01\/695ba0_817a4e3e5d0e4b0ebda7235e4b93ecf8mv2-300x150.webp 300w, https:\/\/chkestate.com\/wp-content\/uploads\/2025\/01\/695ba0_817a4e3e5d0e4b0ebda7235e4b93ecf8mv2-768x384.webp 768w\" sizes=\"auto, (max-width: 814px) 100vw, 814px\" \/><\/a><\/figure>\n<\/div>\n<\/div>\n<\/div><\/div>\n\n<div class=\"wp-block-group discover__container--item\"><div class=\"wp-block-group__inner-container is-layout-constrained wp-block-group-is-layout-constrained\">\n<div class=\"wp-block-columns is-layout-flex wp-container-core-columns-is-layout-9d6595d7 wp-block-columns-is-layout-flex\">\n<div class=\"wp-block-column is-layout-flow wp-block-column-is-layout-flow\">\n<figure class=\"wp-block-image size-full\"><a href=\"https:\/\/mallorca.com\/en\/mallorca\/beaches\" target=\"_blank\" rel=\" noreferrer noopener\"><img loading=\"lazy\" decoding=\"async\" width=\"560\" height=\"280\" src=\"https:\/\/chkestate.com\/wp-content\/uploads\/2025\/01\/695ba0_4d97de135eaf4d88a1819e75f25a7e87mv2.webp\" alt=\"\" class=\"wp-image-30248\" srcset=\"https:\/\/chkestate.com\/wp-content\/uploads\/2025\/01\/695ba0_4d97de135eaf4d88a1819e75f25a7e87mv2.webp 560w, https:\/\/chkestate.com\/wp-content\/uploads\/2025\/01\/695ba0_4d97de135eaf4d88a1819e75f25a7e87mv2-300x150.webp 300w\" sizes=\"auto, (max-width: 560px) 100vw, 560px\" \/><\/a><\/figure>\n<\/div>\n\n\n\n<div class=\"wp-block-column is-layout-flow wp-block-column-is-layout-flow\" style=\"flex-basis:300px\">\n<h3 class=\"wp-block-heading\"><strong>Beaches<\/strong><br\/>Pick your choice<\/h3>\n<\/div>\n<\/div>\n<\/div><\/div>\n\n<div class=\"wp-block-group discover__container--item\"><div class=\"wp-block-group__inner-container is-layout-constrained wp-block-group-is-layout-constrained\">\n<div class=\"wp-block-columns is-layout-flex wp-container-core-columns-is-layout-9d6595d7 wp-block-columns-is-layout-flex\">\n<div class=\"wp-block-column is-layout-flow wp-block-column-is-layout-flow\" style=\"flex-basis:300px\">\n<h3 class=\"wp-block-heading\">Restaurants to fall in love with<\/h3>\n<\/div>\n\n\n\n<div class=\"wp-block-column is-layout-flow wp-block-column-is-layout-flow\">\n<figure class=\"wp-block-image size-full\"><a href=\"https:\/\/themediterraneaninsider.com\/spain\/balearic-islands\/mallorca\/palmas-best-restaurants-and-must-try-dishes\/\" target=\"_blank\" rel=\" noreferrer noopener\"><img loading=\"lazy\" decoding=\"async\" width=\"814\" height=\"1053\" src=\"https:\/\/chkestate.com\/wp-content\/uploads\/2025\/01\/695ba0_82c3b559f3ce469d99141f5e97166397mv2.webp\" alt=\"\" class=\"wp-image-30251\" srcset=\"https:\/\/chkestate.com\/wp-content\/uploads\/2025\/01\/695ba0_82c3b559f3ce469d99141f5e97166397mv2.webp 814w, https:\/\/chkestate.com\/wp-content\/uploads\/2025\/01\/695ba0_82c3b559f3ce469d99141f5e97166397mv2-232x300.webp 232w, https:\/\/chkestate.com\/wp-content\/uploads\/2025\/01\/695ba0_82c3b559f3ce469d99141f5e97166397mv2-792x1024.webp 792w, https:\/\/chkestate.com\/wp-content\/uploads\/2025\/01\/695ba0_82c3b559f3ce469d99141f5e97166397mv2-768x993.webp 768w\" sizes=\"auto, (max-width: 814px) 100vw, 814px\" \/><\/a><\/figure>\n<\/div>\n<\/div>\n<\/div><\/div>\n\n<div class=\"wp-block-group discover__container--item\"><div class=\"wp-block-group__inner-container is-layout-constrained wp-block-group-is-layout-constrained\">\n<div class=\"wp-block-columns is-layout-flex wp-container-core-columns-is-layout-9d6595d7 wp-block-columns-is-layout-flex\">\n<div class=\"wp-block-column is-layout-flow wp-block-column-is-layout-flow\">\n<figure class=\"wp-block-image size-full\"><a href=\"https:\/\/travelmademedoit.com\/best-hikes-in-mallorca\/\" target=\"_blank\" rel=\" noreferrer noopener\"><img loading=\"lazy\" decoding=\"async\" width=\"814\" height=\"611\" src=\"https:\/\/chkestate.com\/wp-content\/uploads\/2025\/01\/695ba0_c5c07660ed59462d9e344ca2e6e7cacdmv2.webp\" alt=\"\" class=\"wp-image-30254\" srcset=\"https:\/\/chkestate.com\/wp-content\/uploads\/2025\/01\/695ba0_c5c07660ed59462d9e344ca2e6e7cacdmv2.webp 814w, https:\/\/chkestate.com\/wp-content\/uploads\/2025\/01\/695ba0_c5c07660ed59462d9e344ca2e6e7cacdmv2-300x225.webp 300w, https:\/\/chkestate.com\/wp-content\/uploads\/2025\/01\/695ba0_c5c07660ed59462d9e344ca2e6e7cacdmv2-768x576.webp 768w\" sizes=\"auto, (max-width: 814px) 100vw, 814px\" \/><\/a><\/figure>\n<\/div>\n\n\n\n<div class=\"wp-block-column is-layout-flow wp-block-column-is-layout-flow\" style=\"flex-basis:300px\">\n<h3 class=\"wp-block-heading\">Must Hikes<\/h3>\n<\/div>\n<\/div>\n<\/div><\/div>\n\n<div class=\"wp-block-group discover__container--item\"><div class=\"wp-block-group__inner-container is-layout-constrained wp-block-group-is-layout-constrained\">\n<div class=\"wp-block-columns is-layout-flex wp-container-core-columns-is-layout-9d6595d7 wp-block-columns-is-layout-flex\">\n<div class=\"wp-block-column is-layout-flow wp-block-column-is-layout-flow\" style=\"flex-basis:300px\">\n<h3 class=\"wp-block-heading\">What beach club?<\/h3>\n<\/div>\n\n\n\n<div class=\"wp-block-column is-layout-flow wp-block-column-is-layout-flow\">\n<figure class=\"wp-block-image size-full\"><a href=\"https:\/\/www.seemallorca.com\/beachclubs\/\" target=\"_blank\" rel=\" noreferrer noopener\"><img loading=\"lazy\" decoding=\"async\" width=\"727\" height=\"485\" src=\"https:\/\/chkestate.com\/wp-content\/uploads\/2025\/01\/695ba0_5759d09c83ba489aa52ff765236463b8mv2.webp\" alt=\"\" class=\"wp-image-30257\" srcset=\"https:\/\/chkestate.com\/wp-content\/uploads\/2025\/01\/695ba0_5759d09c83ba489aa52ff765236463b8mv2.webp 727w, https:\/\/chkestate.com\/wp-content\/uploads\/2025\/01\/695ba0_5759d09c83ba489aa52ff765236463b8mv2-300x200.webp 300w\" sizes=\"auto, (max-width: 727px) 100vw, 727px\" \/><\/a><\/figure>\n<\/div>\n<\/div>\n<\/div><\/div>\n\n<div class=\"wp-block-group discover__container--item\"><div class=\"wp-block-group__inner-container is-layout-constrained wp-block-group-is-layout-constrained\">\n<div class=\"wp-block-columns is-layout-flex wp-container-core-columns-is-layout-9d6595d7 wp-block-columns-is-layout-flex\">\n<div class=\"wp-block-column is-layout-flow wp-block-column-is-layout-flow\">\n<figure class=\"wp-block-image size-full\"><a href=\"https:\/\/www.everythingmallorca.com\/attractions\/mallorca-wineries\/?expand_article=1\" target=\"_blank\" rel=\" noreferrer noopener\"><img loading=\"lazy\" decoding=\"async\" width=\"814\" height=\"468\" src=\"https:\/\/chkestate.com\/wp-content\/uploads\/2025\/01\/695ba0_57d33133a57345e0b162c7c02f8ea568mv2.webp\" alt=\"\" class=\"wp-image-30260\" srcset=\"https:\/\/chkestate.com\/wp-content\/uploads\/2025\/01\/695ba0_57d33133a57345e0b162c7c02f8ea568mv2.webp 814w, https:\/\/chkestate.com\/wp-content\/uploads\/2025\/01\/695ba0_57d33133a57345e0b162c7c02f8ea568mv2-300x172.webp 300w, https:\/\/chkestate.com\/wp-content\/uploads\/2025\/01\/695ba0_57d33133a57345e0b162c7c02f8ea568mv2-768x442.webp 768w\" sizes=\"auto, (max-width: 814px) 100vw, 814px\" \/><\/a><\/figure>\n<\/div>\n\n\n\n<div class=\"wp-block-column is-layout-flow wp-block-column-is-layout-flow\" style=\"flex-basis:300px\">\n<h3 class=\"wp-block-heading\"><strong>Wine tasting<br\/><\/strong>Sign me up!<\/h3>\n<\/div>\n<\/div>\n<\/div><\/div>\n","protected":false},"excerpt":{"rendered":"<p>Mallorca entdecken Ob es der Charme und die Kultur Palmas ist, die atemberaubende Landschaft, die endlosen Str\u00e4nde, die atemberaubenden Aussichten, die Weinkellereien, die wunderbare Gastronomie&#8230; finden Sie heraus, was Mallorca zu einer der lebenswertesten St\u00e4dte der Welt macht &#8211; hier sind unsere Pflichtlekt\u00fcren f\u00fcr die Entdeckung Mallorcas PalmaDiscovering the Old Town Serra de TramuntanaUNESCO World [&hellip;]<\/p>\n","protected":false},"author":1,"featured_media":0,"parent":0,"menu_order":0,"comment_status":"closed","ping_status":"closed","template":"","meta":{"inline_featured_image":false,"footnotes":""},"class_list":["post-127","page","type-page","status-publish","hentry"],"_links":{"self":[{"href":"https:\/\/chkestate.com\/de\/wp-json\/wp\/v2\/pages\/127","targetHints":{"allow":["GET"]}}],"collection":[{"href":"https:\/\/chkestate.com\/de\/wp-json\/wp\/v2\/pages"}],"about":[{"href":"https:\/\/chkestate.com\/de\/wp-json\/wp\/v2\/types\/page"}],"author":[{"embeddable":true,"href":"https:\/\/chkestate.com\/de\/wp-json\/wp\/v2\/users\/1"}],"replies":[{"embeddable":true,"href":"https:\/\/chkestate.com\/de\/wp-json\/wp\/v2\/comments?post=127"}],"version-history":[{"count":4,"href":"https:\/\/chkestate.com\/de\/wp-json\/wp\/v2\/pages\/127\/revisions"}],"predecessor-version":[{"id":30265,"href":"https:\/\/chkestate.com\/de\/wp-json\/wp\/v2\/pages\/127\/revisions\/30265"}],"wp:attachment":[{"href":"https:\/\/chkestate.com\/de\/wp-json\/wp\/v2\/media?parent=127"}],"curies":[{"name":"wp","href":"https:\/\/api.w.org\/{rel}","templated":true}]}}