{"id":13828,"date":"2024-07-22T08:29:38","date_gmt":"2024-07-22T08:29:38","guid":{"rendered":"http:\/\/chkestate.com\/datenschutzbestimmungen\/"},"modified":"2025-01-07T10:50:41","modified_gmt":"2025-01-07T10:50:41","slug":"datenschutzbestimmungen","status":"publish","type":"page","link":"https:\/\/chkestate.com\/de\/datenschutzbestimmungen\/","title":{"rendered":"Datenschutz-Bestimmungen"},"content":{"rendered":"\n<ol class=\"wp-block-list\">\n<li><em>Benutzerinformationen<\/em><\/li>\n<\/ol>\n\n<p>Gem\u00e4\u00df den Bestimmungen der EU-Verordnung 2016\/679 vom 27. April 2016 (<strong>&#8222;GDPR<\/strong>&#8222;) und dem Organgesetz 3\/2018 vom 5. Dezember \u00fcber den Schutz personenbezogener Daten und die Gew\u00e4hrleistung digitaler Rechte werden Sie \u00fcber die Identit\u00e4t des f\u00fcr die Datenverarbeitung Verantwortlichen, den Zweck der Verarbeitung Ihrer Daten, die Dauer der Speicherung Ihrer Daten, die Personen, an die die Daten weitergegeben werden k\u00f6nnen, sowie \u00fcber Ihre Rechte informiert.<\/p>\n\n<ol start=\"2\" class=\"wp-block-list\">\n<li><em>Information des f\u00fcr die Datenverarbeitung Verantwortlichen<\/em><\/li>\n<\/ol>\n\n<ul class=\"wp-block-list\">\n<li>Cristian Hidalgo Kerstiens &#8211; von nun an als<strong>&#8222;Datenverantwortlicher<\/strong>&#8220; bezeichnet &#8211;<\/li>\n\n\n\n<li>Adresse: Paseo del Borne, 07012 Palma de Mallorca (Illes Balears)<\/li>\n<\/ul>\n\n<ol start=\"3\" class=\"wp-block-list\">\n<li><em>Zweck Ihrer Daten<\/em><\/li>\n<\/ol>\n\n<p>Die Daten unserer Nutzer werden f\u00fcr die Verwaltung der Beziehung zu ihnen, die Bearbeitung ihrer Anfragen und Fragen, die Verwaltung und das Sicherheitsmanagement der Website und die Erf\u00fcllung unserer gesetzlichen Verpflichtungen verarbeitet. Diese Daten werden auch zu analytischen Zwecken und zur Verbesserung der Qualit\u00e4t unserer Dienstleistungen verarbeitet. Ebenso behandeln wir Ihre Daten, um kommerzielle Mitteilungen zu versenden und, wenn Sie eingewilligt haben, aus den auf der Website angegebenen Daten ein kommerzielles Profil zu erstellen, damit die versandten Angebote und kommerziellen Mitteilungen an dieses Profil angepasst werden k\u00f6nnen. Es werden keine automatisierten Entscheidungen auf der Grundlage der Profile unserer Kunden\/Nutzer getroffen.   <\/p>\n\n<ol start=\"4\" class=\"wp-block-list\">\n<li><em>Wie lange werden wir Ihre Informationen speichern?<\/em><\/li>\n<\/ol>\n\n<p>Die Daten werden so lange aufbewahrt, wie die Gesch\u00e4ftsbeziehung zwischen den Parteien besteht. Nach Beendigung der Gesch\u00e4ftsbeziehung werden die Daten gesperrt, um die M\u00f6glichkeit des Zugriffs zu verhindern. Sie werden nur dann freigegeben, wenn der f\u00fcr die Verarbeitung Verantwortliche diese Daten ben\u00f6tigt (f\u00fcr rechtliche, kommerzielle, arbeitsrechtliche oder gerichtliche Zwecke). <\/p>\n\n<ol start=\"5\" class=\"wp-block-list\">\n<li><em>An wen k\u00f6nnen wir Ihre Informationen weitergeben?<\/em><\/li>\n<\/ol>\n\n<p>Die personenbezogenen Daten k\u00f6nnen zur Aufrechterhaltung der Gesch\u00e4ftsbeziehung und\/oder zur Durchf\u00fchrung von Operationen an Steuer-, Buchhaltungs-, Bank- und Finanzinstitute, Steuerbeh\u00f6rden und andere zust\u00e4ndige \u00f6ffentliche Einrichtungen, Notare und Grundbuch\u00e4mter sowie an andere Vermittler f\u00fcr den Kauf und Verkauf von Immobilien weitergegeben werden. Die Daten werden nicht an andere Dritte weitergegeben, es sei denn, es besteht eine gesetzliche Verpflichtung. <\/p>\n\n<ol start=\"6\" class=\"wp-block-list\">\n<li><em>Ihre Rechte<\/em><\/li>\n<\/ol>\n\n<p>Der Benutzer\/Interessent\/Kunde hat das Recht,:<\/p>\n\n<ul class=\"wp-block-list\">\n<li>auf ihre Daten zugreifen;<\/li>\n\n\n\n<li>ihre Daten berichtigen zu lassen;<\/li>\n\n\n\n<li>ihre Daten l\u00f6schen lassen;<\/li>\n\n\n\n<li>der Verarbeitung ihrer Daten zu widersprechen; und<\/li>\n\n\n\n<li>die erteilte Zustimmung zu widerrufen.<\/li>\n<\/ul>\n\n<p><br\/>Der Betroffene kann diese Rechte mittels eines begr\u00fcndeten Schreibens oder einer E-Mail an CHK Estate aus\u00fcben.<\/p>\n\n<ol start=\"7\" class=\"wp-block-list\">\n<li> <em>Woher erhalten wir Informationen?<\/em><\/li>\n<\/ol>\n\n<p>Die Daten, die wir verarbeiten, stammen von:<\/p>\n\n<ul class=\"wp-block-list\">\n<li>die Formulare, die Sie ausf\u00fcllen, und die Anfragen, die Sie auf der Website stellen. Wir behandeln auch die Daten, die in den Antr\u00e4gen und Anfragen enthalten sind, die wir per E-Mail oder in unserem Call Center erhalten; <\/li>\n\n\n\n<li>Profile und Analysen, die aus der Navigation von registrierten oder nicht registrierten Benutzern der Website gewonnen werden;<\/li>\n\n\n\n<li>Teilnahme an unseren Werbekampagnen; und\/oder<\/li>\n\n\n\n<li>die Daten, die wir erhalten, werden entweder direkt von Ihnen oder von Dritten, die den Antrag in Ihrem Namen bearbeiten, bereitgestellt.<\/li>\n<\/ul>\n\n<p>Die Daten, die wir sammeln, bestehen in der Regel aus:<\/p>\n\n<ul class=\"wp-block-list\">\n<li>Identifikations- und Kontaktinformationen;<\/li>\n\n\n\n<li>Daten zu pers\u00f6nlichen Merkmalen;<\/li>\n\n\n\n<li>Wirtschafts- und Transaktionsdaten;<\/li>\n\n\n\n<li>Daten im Zusammenhang mit Ihrer Navigation, d.h. die IP-Adresse, von der aus Sie sich mit der Website verbinden, Weblogs, besuchte Seiten oder auf der Website durchgef\u00fchrte Aktionen. Zu diesem Zweck verwenden wir Cookies und \u00e4hnliche Technologien, die eine Verfolgung Ihres Surfverhaltens beinhalten k\u00f6nnen; und <\/li>\n\n\n\n<li>kommerzielle \u00dcberwachungsdaten und, falls zutreffend, in Bezug auf die Pr\u00e4ferenzen und das kommerzielle Profil.<\/li>\n<\/ul>\n","protected":false},"excerpt":{"rendered":"<p>Gem\u00e4\u00df den Bestimmungen der EU-Verordnung 2016\/679 vom 27. April 2016 (&#8222;GDPR&#8222;) und dem Organgesetz 3\/2018 vom 5. Dezember \u00fcber den Schutz personenbezogener Daten und die Gew\u00e4hrleistung digitaler Rechte werden Sie \u00fcber die Identit\u00e4t des f\u00fcr die Datenverarbeitung Verantwortlichen, den Zweck der Verarbeitung Ihrer Daten, die Dauer der Speicherung Ihrer Daten, die Personen, an die die [&hellip;]<\/p>\n","protected":false},"author":1,"featured_media":0,"parent":0,"menu_order":0,"comment_status":"closed","ping_status":"closed","template":"page-info.php","meta":{"inline_featured_image":false,"footnotes":""},"class_list":["post-13828","page","type-page","status-publish","hentry"],"_links":{"self":[{"href":"https:\/\/chkestate.com\/de\/wp-json\/wp\/v2\/pages\/13828","targetHints":{"allow":["GET"]}}],"collection":[{"href":"https:\/\/chkestate.com\/de\/wp-json\/wp\/v2\/pages"}],"about":[{"href":"https:\/\/chkestate.com\/de\/wp-json\/wp\/v2\/types\/page"}],"author":[{"embeddable":true,"href":"https:\/\/chkestate.com\/de\/wp-json\/wp\/v2\/users\/1"}],"replies":[{"embeddable":true,"href":"https:\/\/chkestate.com\/de\/wp-json\/wp\/v2\/comments?post=13828"}],"version-history":[{"count":2,"href":"https:\/\/chkestate.com\/de\/wp-json\/wp\/v2\/pages\/13828\/revisions"}],"predecessor-version":[{"id":26274,"href":"https:\/\/chkestate.com\/de\/wp-json\/wp\/v2\/pages\/13828\/revisions\/26274"}],"wp:attachment":[{"href":"https:\/\/chkestate.com\/de\/wp-json\/wp\/v2\/media?parent=13828"}],"curies":[{"name":"wp","href":"https:\/\/api.w.org\/{rel}","templated":true}]}}