{"id":297,"date":"2024-09-30T05:33:10","date_gmt":"2024-09-30T05:33:10","guid":{"rendered":"http:\/\/chkestate.com\/erreichbarkeit\/"},"modified":"2025-01-07T10:50:14","modified_gmt":"2025-01-07T10:50:14","slug":"erreichbarkeit","status":"publish","type":"page","link":"https:\/\/chkestate.com\/de\/erreichbarkeit\/","title":{"rendered":"Zug\u00e4nglichkeit"},"content":{"rendered":"\n<p>CHK Estate verpflichtet sich, <a href=\"https:\/\/aurkacharts.net\/\">https:\/\/www.chkestate.com\/<\/a> gem\u00e4\u00df dem K\u00f6niglichen Erlass 1112\/2018 vom 7. September \u00fcber die Zug\u00e4nglichkeit von Websites und Anwendungen des \u00f6ffentlichen Sektors f\u00fcr mobile Ger\u00e4te zug\u00e4nglich zu machen.<\/p>\n\n<p>Diese Erkl\u00e4rung zur Zug\u00e4nglichkeit gilt f\u00fcr die Website <a href=\"https:\/\/www.chkestate.com\/\">https:\/\/www.chkestate.com\/<\/a>,<\/p>\n\n<p>Diese Website entspricht vollst\u00e4ndig der RD 1112\/2018.<\/p>\n","protected":false},"excerpt":{"rendered":"<p>CHK Estate verpflichtet sich, https:\/\/www.chkestate.com\/ gem\u00e4\u00df dem K\u00f6niglichen Erlass 1112\/2018 vom 7. September \u00fcber die Zug\u00e4nglichkeit von Websites und Anwendungen des \u00f6ffentlichen Sektors f\u00fcr mobile Ger\u00e4te zug\u00e4nglich zu machen. Diese Erkl\u00e4rung zur Zug\u00e4nglichkeit gilt f\u00fcr die Website https:\/\/www.chkestate.com\/, Diese Website entspricht vollst\u00e4ndig der RD 1112\/2018.<\/p>\n","protected":false},"author":1,"featured_media":0,"parent":0,"menu_order":0,"comment_status":"closed","ping_status":"closed","template":"page-info.php","meta":{"inline_featured_image":false,"footnotes":""},"class_list":["post-297","page","type-page","status-publish","hentry"],"_links":{"self":[{"href":"https:\/\/chkestate.com\/de\/wp-json\/wp\/v2\/pages\/297","targetHints":{"allow":["GET"]}}],"collection":[{"href":"https:\/\/chkestate.com\/de\/wp-json\/wp\/v2\/pages"}],"about":[{"href":"https:\/\/chkestate.com\/de\/wp-json\/wp\/v2\/types\/page"}],"author":[{"embeddable":true,"href":"https:\/\/chkestate.com\/de\/wp-json\/wp\/v2\/users\/1"}],"replies":[{"embeddable":true,"href":"https:\/\/chkestate.com\/de\/wp-json\/wp\/v2\/comments?post=297"}],"version-history":[{"count":2,"href":"https:\/\/chkestate.com\/de\/wp-json\/wp\/v2\/pages\/297\/revisions"}],"predecessor-version":[{"id":26273,"href":"https:\/\/chkestate.com\/de\/wp-json\/wp\/v2\/pages\/297\/revisions\/26273"}],"wp:attachment":[{"href":"https:\/\/chkestate.com\/de\/wp-json\/wp\/v2\/media?parent=297"}],"curies":[{"name":"wp","href":"https:\/\/api.w.org\/{rel}","templated":true}]}}