{"id":33,"date":"2024-09-19T10:19:28","date_gmt":"2024-09-19T10:19:28","guid":{"rendered":"http:\/\/chkestate.com\/ueber-uns\/"},"modified":"2025-01-28T09:43:04","modified_gmt":"2025-01-28T09:43:04","slug":"ueber-uns","status":"publish","type":"page","link":"https:\/\/chkestate.com\/de\/ueber-uns\/","title":{"rendered":"\u00dcber uns"},"content":{"rendered":"\n<section class=\"wp-block-cover is-light section-header\"><span aria-hidden=\"true\" class=\"wp-block-cover__background has-background-dim-0 has-background-dim\" style=\"background-color:#959592\"><\/span><img loading=\"lazy\" decoding=\"async\" width=\"1920\" height=\"1280\" class=\"wp-block-cover__image-background wp-image-156\" alt=\"\" src=\"https:\/\/chkestate.com\/wp-content\/uploads\/2024\/09\/about.jpg\" data-object-fit=\"cover\" srcset=\"https:\/\/chkestate.com\/wp-content\/uploads\/2024\/09\/about.jpg 1920w, https:\/\/chkestate.com\/wp-content\/uploads\/2024\/09\/about-300x200.jpg 300w, https:\/\/chkestate.com\/wp-content\/uploads\/2024\/09\/about-1024x683.jpg 1024w, https:\/\/chkestate.com\/wp-content\/uploads\/2024\/09\/about-768x512.jpg 768w, https:\/\/chkestate.com\/wp-content\/uploads\/2024\/09\/about-1536x1024.jpg 1536w\" sizes=\"auto, (max-width: 1920px) 100vw, 1920px\" \/><div class=\"wp-block-cover__inner-container is-layout-constrained wp-block-cover-is-layout-constrained\">\n<h2 class=\"wp-block-heading has-text-align-center has-large-font-size\">\u00dcber uns<\/h2>\n\n\n\n<p>Luxury Real Estate in Mallorca<\/p>\n<\/div><\/section>\n\n\n\n<div class=\"wp-block-group about-us__container\"><div class=\"wp-block-group__inner-container is-layout-constrained wp-block-group-is-layout-constrained\">\n<section class=\"wp-block-group content-width\"><div class=\"wp-block-group__inner-container is-layout-constrained wp-block-group-is-layout-constrained\">\n<div class=\"wp-block-columns are-vertically-aligned-center is-layout-flex wp-container-core-columns-is-layout-9d6595d7 wp-block-columns-is-layout-flex\">\n<div class=\"wp-block-column is-vertically-aligned-center is-layout-flow wp-block-column-is-layout-flow\" style=\"flex-basis:33.33%\">\n<h3 class=\"wp-block-heading text-title-line\">Wer wir sind<\/h3>\n\n\n\n<figure class=\"wp-block-image size-full\"><img loading=\"lazy\" decoding=\"async\" width=\"575\" height=\"516\" src=\"https:\/\/chkestate.com\/wp-content\/uploads\/2024\/09\/founder.png\" alt=\"\" class=\"wp-image-80\" srcset=\"https:\/\/chkestate.com\/wp-content\/uploads\/2024\/09\/founder.png 575w, https:\/\/chkestate.com\/wp-content\/uploads\/2024\/09\/founder-300x269.png 300w\" sizes=\"auto, (max-width: 575px) 100vw, 575px\" \/><\/figure>\n<\/div>\n\n\n\n<div class=\"wp-block-column is-vertically-aligned-center is-layout-flow wp-block-column-is-layout-flow\" style=\"flex-basis:66.66%\">\n<h1 class=\"wp-block-heading\">\u00dcber Christian Hidalgo<\/h1>\n\n\n\n<p><strong>CHK Immobilien<\/strong>&nbsp;wurde von Christian Hidalgo (Vertragsanwalt) gegr\u00fcndet. Ein Einheimischer aus Palma, der in einem dreisprachigen Haushalt mit Spanisch, Englisch und Deutsch aufgewachsen ist. Mit 18 Jahren verlie\u00df er Mallorca, um Jura zu studieren, und praktizierte anschlie\u00dfend \u00fcber 10 Jahre lang als Finanz- und Gesellschaftsrechtler. Nach seiner Karriere in der schnelllebigen Finanzwelt war es Zeit f\u00fcr etwas Neues und er beschloss, zu seinen Wurzeln zur\u00fcckzukehren. Seitdem hat er sich auf eine Reise der Selbstfindung und des \u00dcberdenkens fr\u00fcherer \u00dcberzeugungen begeben, alles auf der Suche nach seinem Ikigai (mehr dazu weiter unten). F\u00fcr mentale St\u00e4rke und Wohlbefinden praktiziert er Atemarbeit, Achtsamkeit, W\u00e4rmekonditionierung und Meditation. Um sich k\u00f6rperlich zu st\u00e4rken und seine Freizeit zu genie\u00dfen, verbringt er gerne Zeit im Freien \u2013 beim Radfahren, beim Padel-Spielen, beim Golfen oder beim Wandern in der Serra de Tramuntana.<\/p>\n\n\n\n<p><strong>CHK Immobilien<\/strong>&nbsp;war ein Produkt dieser Reise der Selbstfindung. Seine Liebe zur Insel, zu Immobilien und vor allem zum Erkennen einer Marktl\u00fccke f\u00fcr hochwertige DIENSTLEISTUNGEN. Der Kauf eines Hauses ist eine zutiefst pers\u00f6nliche Angelegenheit. Ein Zuhause ist ein magischer und pr\u00e4gender Ort \u2013 ob es darum geht, eine Familie zu gr\u00fcnden, geliebte Menschen zu beherbergen und zu unterhalten, einen Zufluchtsort vor der Au\u00dfenwelt zu schaffen oder ein neues Unternehmen zu gr\u00fcnden \u2013 und unser Ziel ist es, das perfekte Zuhause zu finden.<\/p>\n\n\n\n<p>Wenn Sie sich auf dem Immobilienmarkt zurechtfinden, ist es unerl\u00e4sslich, einen vertrauensw\u00fcrdigen lokalen Partner zu haben, der einen auf IHRE Bed\u00fcrfnisse zugeschnittenen Service anbieten kann. Wir konzentrieren uns darauf, bei der Bereitstellung au\u00dfergew\u00f6hnlicher Dienstleistungen unser Bestes zu geben und bei der Festlegung von Marktstandards an vorderster Front zu stehen.<\/p>\n\n\n\n<p>Die Erf\u00fcllung Ihrer Erwartungen ist der Kern der Philosophie von CHK Real Estate.<\/p>\n<\/div>\n<\/div>\n\n\n\n<div class=\"wp-block-columns is-layout-flex wp-container-core-columns-is-layout-9d6595d7 wp-block-columns-is-layout-flex\">\n<div class=\"wp-block-column is-layout-flow wp-block-column-is-layout-flow\" style=\"flex-basis:33.33%\">\n<h3 class=\"wp-block-heading text-title-line\">ENTDECKEN<\/h3>\n<\/div>\n\n\n\n<div class=\"wp-block-column is-layout-flow wp-block-column-is-layout-flow\" style=\"flex-basis:66.66%\">\n<h2 class=\"wp-block-heading\">Mein Warum &#8211; IKIGAI<\/h2>\n\n\n\n<p>Ikigai existiert seit langem in der japanischen Kultur, die Vorstellung, dass jeder ein Ikigai hat \u2013 einen Grund zum Leben.<\/p>\n\n\n\n<p>Am 27. April 2023 wagte ich den Schritt, nachdem ich den Gro\u00dfteil meines Berufslebens als Finanzanwalt verbracht hatte. Indem ich meine Grundwerte und Schl\u00fcsselst\u00e4rken in Einklang brachte, gab ich meinem Ikigai nach. Ich lebe von menschlicher Interaktion, dem Aufbau von Vertrauen und sinnvollen Beziehungen. Sorgf\u00e4ltiger Service, Ehrlichkeit, Transparenz, Integrit\u00e4t und Liebe zum Detail sind Schl\u00fcsseleigenschaften, die ich als Anwalt gesch\u00e4rft habe. Indem ich diese F\u00e4higkeiten zusammen mit meinen lokalen Kenntnissen und meiner internationalen Erfahrung anwende, kann ich mein Ziel und meine Vision darauf ausrichten, Ihnen bei der Suche nach Ihrem perfekten Zuhause zu helfen.<\/p>\n<\/div>\n<\/div>\n\n\n\n<div class=\"wp-block-columns is-layout-flex wp-container-core-columns-is-layout-9d6595d7 wp-block-columns-is-layout-flex\">\n<div class=\"wp-block-column is-layout-flow wp-block-column-is-layout-flow\" style=\"flex-basis:33.33%\">\n<h3 class=\"wp-block-heading text-title-line\">ENTDECKEN<\/h3>\n<\/div>\n\n\n\n<div class=\"wp-block-column is-layout-flow wp-block-column-is-layout-flow\" style=\"flex-basis:66.66%\">\n<h2 class=\"wp-block-heading\">VISION UND AUFTRAG<\/h2>\n\n\n\n<p>Wir definieren Immobilien neu, indem wir bei allem, was wir tun, den SERVICE in den Vordergrund stellen. Durch den Einsatz von Technologie, Professionalit\u00e4t, hochwertigem Marketing, Innovation und Service ver\u00e4ndern wir die Art und Weise, wie Immobilien umgesetzt und wahrgenommen werden. Unsere Vision ist mutig \u2013 durch die Bereitstellung eines UN\u00dcBERTROFFENEN SERVICE mit kontinuierlicher Transparenz und Integrit\u00e4t wollen wir langfristige Beziehungen zu unseren Kunden aufbauen.<\/p>\n<\/div>\n<\/div>\n<\/div><\/section>\n<\/div><\/div>\n\n\n\n<div class=\"wp-block-group\"><div class=\"wp-block-group__inner-container is-layout-constrained wp-block-group-is-layout-constrained\">\n<section class=\"wp-block-group content-width\"><div class=\"wp-block-group__inner-container is-layout-constrained wp-block-group-is-layout-constrained\">\n<p class=\"about-us__message\">Sie sind sichnicht sicher, welcher Teil der Insel Ihren Bed\u00fcrfnissen am besten entspricht?<br>Nehmen Sie Kontakt mit uns auf oder treffen Sie uns auf einen Kaffee, um Ihre Fragen zu besprechen. f\u00fcr einen Kaffee und um Ihre Fragen zu besprechen.<\/p>\n<\/div><\/section>\n<\/div><\/div>\n\n\n\n<figure class=\"wp-block-gallery has-nested-images columns-default about-us-slider wp-block-gallery-1 is-layout-flex wp-block-gallery-is-layout-flex\">\n<figure class=\"wp-block-image size-full\"><img loading=\"lazy\" decoding=\"async\" width=\"768\" height=\"1152\" data-id=\"237\" src=\"https:\/\/chkestate.com\/wp-content\/uploads\/2024\/09\/6.png\" alt=\"\" class=\"wp-image-237\" srcset=\"https:\/\/chkestate.com\/wp-content\/uploads\/2024\/09\/6.png 768w, https:\/\/chkestate.com\/wp-content\/uploads\/2024\/09\/6-200x300.png 200w, https:\/\/chkestate.com\/wp-content\/uploads\/2024\/09\/6-683x1024.png 683w\" sizes=\"auto, (max-width: 768px) 100vw, 768px\" \/><\/figure>\n\n\n\n<figure class=\"wp-block-image size-full\"><img loading=\"lazy\" decoding=\"async\" width=\"1152\" height=\"768\" data-id=\"240\" src=\"https:\/\/chkestate.com\/wp-content\/uploads\/2024\/09\/1-1.png\" alt=\"\" class=\"wp-image-240\" srcset=\"https:\/\/chkestate.com\/wp-content\/uploads\/2024\/09\/1-1.png 1152w, https:\/\/chkestate.com\/wp-content\/uploads\/2024\/09\/1-1-300x200.png 300w, https:\/\/chkestate.com\/wp-content\/uploads\/2024\/09\/1-1-1024x683.png 1024w, https:\/\/chkestate.com\/wp-content\/uploads\/2024\/09\/1-1-768x512.png 768w\" sizes=\"auto, (max-width: 1152px) 100vw, 1152px\" \/><\/figure>\n\n\n\n<figure class=\"wp-block-image size-full\"><img loading=\"lazy\" decoding=\"async\" width=\"768\" height=\"954\" data-id=\"243\" src=\"https:\/\/chkestate.com\/wp-content\/uploads\/2024\/09\/2.png\" alt=\"\" class=\"wp-image-243\" srcset=\"https:\/\/chkestate.com\/wp-content\/uploads\/2024\/09\/2.png 768w, https:\/\/chkestate.com\/wp-content\/uploads\/2024\/09\/2-242x300.png 242w\" sizes=\"auto, (max-width: 768px) 100vw, 768px\" \/><\/figure>\n\n\n\n<figure class=\"wp-block-image size-full\"><img loading=\"lazy\" decoding=\"async\" width=\"768\" height=\"1152\" data-id=\"246\" src=\"https:\/\/chkestate.com\/wp-content\/uploads\/2024\/09\/3.png\" alt=\"\" class=\"wp-image-246\" srcset=\"https:\/\/chkestate.com\/wp-content\/uploads\/2024\/09\/3.png 768w, https:\/\/chkestate.com\/wp-content\/uploads\/2024\/09\/3-200x300.png 200w, https:\/\/chkestate.com\/wp-content\/uploads\/2024\/09\/3-683x1024.png 683w\" sizes=\"auto, (max-width: 768px) 100vw, 768px\" \/><\/figure>\n\n\n\n<figure class=\"wp-block-image size-full\"><img loading=\"lazy\" decoding=\"async\" width=\"1152\" height=\"768\" data-id=\"249\" src=\"https:\/\/chkestate.com\/wp-content\/uploads\/2024\/09\/4.png\" alt=\"\" class=\"wp-image-249\" srcset=\"https:\/\/chkestate.com\/wp-content\/uploads\/2024\/09\/4.png 1152w, https:\/\/chkestate.com\/wp-content\/uploads\/2024\/09\/4-300x200.png 300w, https:\/\/chkestate.com\/wp-content\/uploads\/2024\/09\/4-1024x683.png 1024w, https:\/\/chkestate.com\/wp-content\/uploads\/2024\/09\/4-768x512.png 768w\" sizes=\"auto, (max-width: 1152px) 100vw, 1152px\" \/><\/figure>\n\n\n\n<figure class=\"wp-block-image size-full\"><img loading=\"lazy\" decoding=\"async\" width=\"1365\" height=\"768\" data-id=\"252\" src=\"https:\/\/chkestate.com\/wp-content\/uploads\/2024\/09\/5.png\" alt=\"\" class=\"wp-image-252\" srcset=\"https:\/\/chkestate.com\/wp-content\/uploads\/2024\/09\/5.png 1365w, https:\/\/chkestate.com\/wp-content\/uploads\/2024\/09\/5-300x169.png 300w, https:\/\/chkestate.com\/wp-content\/uploads\/2024\/09\/5-1024x576.png 1024w, https:\/\/chkestate.com\/wp-content\/uploads\/2024\/09\/5-768x432.png 768w\" sizes=\"auto, (max-width: 1365px) 100vw, 1365px\" \/><\/figure>\n<\/figure>\n\n\n\n<section class=\"wp-block-cover section-contact\"><span aria-hidden=\"true\" class=\"wp-block-cover__background has-background-dim\" style=\"background-color:#444238\"><\/span><img decoding=\"async\" class=\"wp-block-cover__image-background wp-image-142\" alt=\"\" src=\"https:\/\/chkestate.com\/wp-content\/uploads\/2024\/09\/contact-1.png\" data-object-fit=\"cover\"\/><div class=\"wp-block-cover__inner-container is-layout-constrained wp-block-cover-is-layout-constrained\">\n<div class=\"wp-block-columns is-layout-flex wp-container-core-columns-is-layout-9d6595d7 wp-block-columns-is-layout-flex\">\n<div class=\"wp-block-column is-layout-flow wp-block-column-is-layout-flow\" style=\"flex-basis:100%\">\n<h2 class=\"wp-block-heading\">Abonnieren<\/h2>\n\n\n\n<p>Abonnieren Sie und entdecken Sie als Erster<\/p>\n\n\n\n<div class=\"wp-block-contact-form-7-contact-form-selector\">\n<div class=\"wpcf7 no-js\" id=\"wpcf7-f14002-o1\" lang=\"de-DE\" dir=\"ltr\" data-wpcf7-id=\"14002\">\n<div class=\"screen-reader-response\"><p role=\"status\" aria-live=\"polite\" aria-atomic=\"true\"><\/p> <ul><\/ul><\/div>\n<form action=\"\/de\/wp-json\/wp\/v2\/pages\/33#wpcf7-f14002-o1\" method=\"post\" class=\"wpcf7-form init\" aria-label=\"Kontaktformular\" novalidate=\"novalidate\" data-status=\"init\">\n<fieldset class=\"hidden-fields-container\"><input type=\"hidden\" name=\"_wpcf7\" value=\"14002\" \/><input type=\"hidden\" name=\"_wpcf7_version\" value=\"6.1.5\" \/><input type=\"hidden\" name=\"_wpcf7_locale\" value=\"de_DE\" \/><input type=\"hidden\" name=\"_wpcf7_unit_tag\" value=\"wpcf7-f14002-o1\" \/><input type=\"hidden\" name=\"_wpcf7_container_post\" value=\"0\" \/><input type=\"hidden\" name=\"_wpcf7_posted_data_hash\" value=\"\" \/><input type=\"hidden\" name=\"_wpcf7_recaptcha_response\" value=\"\" \/>\n<\/fieldset>\n<div class=\"section-contact-form\">\n\t<p><span class=\"wpcf7-form-control-wrap\" data-name=\"your-email\"><input size=\"40\" maxlength=\"400\" class=\"wpcf7-form-control wpcf7-email wpcf7-validates-as-required wpcf7-text wpcf7-validates-as-email\" aria-required=\"true\" aria-invalid=\"false\" placeholder=\"Email*\" value=\"\" type=\"email\" name=\"your-email\" \/><\/span>\n\t<\/p>\n\t<p><input class=\"wpcf7-form-control wpcf7-submit has-spinner\" type=\"submit\" value=\"Senden Sie\" \/>\n\t<\/p>\n\t<p class=\"full-width\"><span class=\"wpcf7-form-control-wrap\" data-name=\"privacy\"><span class=\"wpcf7-form-control wpcf7-acceptance\"><span class=\"wpcf7-list-item\"><label><input type=\"checkbox\" name=\"privacy\" value=\"1\" aria-invalid=\"false\" \/><span class=\"wpcf7-list-item-label\">Ich bin mit den <a target=\"_blank\" href=\"\/politica-de-privacidad\/\">Datenschutzbestimmungen<\/a> einverstanden<\/span><\/label><\/span><\/span><\/span>\n\t<\/p>\n<\/div><div class=\"wpcf7-response-output\" aria-hidden=\"true\"><\/div>\n<\/form>\n<\/div>\n<\/div>\n<\/div>\n<\/div>\n<\/div><\/section>\n","protected":false},"excerpt":{"rendered":"<p>Wer wir sind \u00dcber Christian Hidalgo CHK Immobilien&nbsp;wurde von Christian Hidalgo (Vertragsanwalt) gegr\u00fcndet. Ein Einheimischer aus Palma, der in einem dreisprachigen Haushalt mit Spanisch, Englisch und Deutsch aufgewachsen ist. Mit 18 Jahren verlie\u00df er Mallorca, um Jura zu studieren, und praktizierte anschlie\u00dfend \u00fcber 10 Jahre lang als Finanz- und Gesellschaftsrechtler. Nach seiner Karriere in der [&hellip;]<\/p>\n","protected":false},"author":1,"featured_media":0,"parent":0,"menu_order":0,"comment_status":"closed","ping_status":"closed","template":"","meta":{"inline_featured_image":false,"footnotes":""},"class_list":["post-33","page","type-page","status-publish","hentry"],"_links":{"self":[{"href":"https:\/\/chkestate.com\/de\/wp-json\/wp\/v2\/pages\/33","targetHints":{"allow":["GET"]}}],"collection":[{"href":"https:\/\/chkestate.com\/de\/wp-json\/wp\/v2\/pages"}],"about":[{"href":"https:\/\/chkestate.com\/de\/wp-json\/wp\/v2\/types\/page"}],"author":[{"embeddable":true,"href":"https:\/\/chkestate.com\/de\/wp-json\/wp\/v2\/users\/1"}],"replies":[{"embeddable":true,"href":"https:\/\/chkestate.com\/de\/wp-json\/wp\/v2\/comments?post=33"}],"version-history":[{"count":14,"href":"https:\/\/chkestate.com\/de\/wp-json\/wp\/v2\/pages\/33\/revisions"}],"predecessor-version":[{"id":43304,"href":"https:\/\/chkestate.com\/de\/wp-json\/wp\/v2\/pages\/33\/revisions\/43304"}],"wp:attachment":[{"href":"https:\/\/chkestate.com\/de\/wp-json\/wp\/v2\/media?parent=33"}],"curies":[{"name":"wp","href":"https:\/\/api.w.org\/{rel}","templated":true}]}}