{"id":16,"date":"2024-09-19T10:19:28","date_gmt":"2024-09-19T10:19:28","guid":{"rendered":"http:\/\/chkestate.com\/?page_id=16"},"modified":"2025-01-28T09:38:24","modified_gmt":"2025-01-28T09:38:24","slug":"sobre-nosotros","status":"publish","type":"page","link":"https:\/\/chkestate.com\/es\/sobre-nosotros\/","title":{"rendered":"Sobre nosotros"},"content":{"rendered":"\n<section class=\"wp-block-cover is-light section-header\"><span aria-hidden=\"true\" class=\"wp-block-cover__background has-background-dim-0 has-background-dim\" style=\"background-color:#959592\"><\/span><img loading=\"lazy\" decoding=\"async\" width=\"1920\" height=\"1280\" class=\"wp-block-cover__image-background wp-image-156\" alt=\"\" src=\"https:\/\/chkestate.com\/wp-content\/uploads\/2024\/09\/about.jpg\" data-object-fit=\"cover\" srcset=\"https:\/\/chkestate.com\/wp-content\/uploads\/2024\/09\/about.jpg 1920w, https:\/\/chkestate.com\/wp-content\/uploads\/2024\/09\/about-300x200.jpg 300w, https:\/\/chkestate.com\/wp-content\/uploads\/2024\/09\/about-1024x683.jpg 1024w, https:\/\/chkestate.com\/wp-content\/uploads\/2024\/09\/about-768x512.jpg 768w, https:\/\/chkestate.com\/wp-content\/uploads\/2024\/09\/about-1536x1024.jpg 1536w\" sizes=\"auto, (max-width: 1920px) 100vw, 1920px\" \/><div class=\"wp-block-cover__inner-container is-layout-constrained wp-block-cover-is-layout-constrained\">\n<h2 class=\"wp-block-heading has-text-align-center has-large-font-size\">Sobre nosotros<\/h2>\n\n\n\n<p>Luxury Real Estate in Mallorca<\/p>\n<\/div><\/section>\n\n\n\n<div class=\"wp-block-group about-us__container\"><div class=\"wp-block-group__inner-container is-layout-constrained wp-block-group-is-layout-constrained\">\n<section class=\"wp-block-group content-width\"><div class=\"wp-block-group__inner-container is-layout-constrained wp-block-group-is-layout-constrained\">\n<div class=\"wp-block-columns are-vertically-aligned-center is-layout-flex wp-container-core-columns-is-layout-9d6595d7 wp-block-columns-is-layout-flex\">\n<div class=\"wp-block-column is-vertically-aligned-center is-layout-flow wp-block-column-is-layout-flow\" style=\"flex-basis:33.33%\">\n<h3 class=\"wp-block-heading text-title-line\">Qui\u00e9nes somos<\/h3>\n\n\n\n<figure class=\"wp-block-image size-full\"><img loading=\"lazy\" decoding=\"async\" width=\"575\" height=\"516\" src=\"https:\/\/chkestate.com\/wp-content\/uploads\/2024\/09\/founder.png\" alt=\"\" class=\"wp-image-80\" srcset=\"https:\/\/chkestate.com\/wp-content\/uploads\/2024\/09\/founder.png 575w, https:\/\/chkestate.com\/wp-content\/uploads\/2024\/09\/founder-300x269.png 300w\" sizes=\"auto, (max-width: 575px) 100vw, 575px\" \/><\/figure>\n<\/div>\n\n\n\n<div class=\"wp-block-column is-vertically-aligned-center is-layout-flow wp-block-column-is-layout-flow\" style=\"flex-basis:66.66%\">\n<h1 class=\"wp-block-heading\">Acerca de Chistian Hidalgo<\/h1>\n\n\n\n<p>CHK Real Estate fue fundada por Christian Hidalgo. Un palmesano que creci\u00f3 en un hogar triling\u00fce, de espa\u00f1ol, ingl\u00e9s y alem\u00e1n. A los 18 a\u00f1os, dej\u00f3 Mallorca para estudiar derecho y pas\u00f3 a ejercer la abogac\u00eda financiera y corporativa durante m\u00e1s de 10 a\u00f1os. <\/p>\n\n\n\n<p>Tras su carrera en el vertiginoso mundo de las finanzas, lleg\u00f3 el momento de hacer algo nuevo y decidi\u00f3 volver a sus ra\u00edces. Desde entonces se ha embarcado en un viaje de autodescubrimiento y replanteamiento de antiguas creencias, todo ello en pos de su ikigai (m\u00e1s informaci\u00f3n al respecto m\u00e1s adelante). <\/p>\n\n\n\n<p>Para su fuerza mental y bienestar, practica la respiraci\u00f3n, la atenci\u00f3n plena, el acondicionamiento t\u00e9rmico y la meditaci\u00f3n. Para la fuerza f\u00edsica y el ocio, le encanta pasar tiempo al aire libre: montar en bicicleta, jugar al p\u00e1del, jugar al golf o hacer senderismo por la Serra de Tramuntana.<\/p>\n<\/div>\n<\/div>\n\n\n\n<div class=\"wp-block-columns is-layout-flex wp-container-core-columns-is-layout-9d6595d7 wp-block-columns-is-layout-flex\">\n<div class=\"wp-block-column is-layout-flow wp-block-column-is-layout-flow\" style=\"flex-basis:33.33%\">\n<h3 class=\"wp-block-heading text-title-line\">DESCUBRA<\/h3>\n<\/div>\n\n\n\n<div class=\"wp-block-column is-layout-flow wp-block-column-is-layout-flow\" style=\"flex-basis:66.66%\">\n<h2 class=\"wp-block-heading\">Mi porqu\u00e9 &#8211; IKIGAI<\/h2>\n\n\n\n<p>El ikigai existe desde hace mucho tiempo en la cultura japonesa, el concepto de que todo el mundo tiene un ikigai, una raz\u00f3n para vivir.<\/p>\n\n\n\n<p>El 27 de abril de 2023, tras haber pasado la mayor parte de mi vida profesional como abogado financiero, di el paso. Alineando mis valores fundamentales y mis puntos fuertes, me entregu\u00e9 a mi ikigai. Me encanta la interacci\u00f3n humana, generar confianza y establecer relaciones significativas. <\/p>\n\n\n\n<p>El servicio meticuloso, la honradez, la transparencia, la integridad y la atenci\u00f3n al detalle son atributos clave que afin\u00e9 como abogada. Aplicando estas habilidades, junto con mi conocimiento local y experiencia internacional, consigo alinear mi prop\u00f3sito y visi\u00f3n para SERVIR en la b\u00fasqueda de su hogar perfecto.<\/p>\n<\/div>\n<\/div>\n\n\n\n<div class=\"wp-block-columns is-layout-flex wp-container-core-columns-is-layout-9d6595d7 wp-block-columns-is-layout-flex\">\n<div class=\"wp-block-column is-layout-flow wp-block-column-is-layout-flow\" style=\"flex-basis:33.33%\">\n<h3 class=\"wp-block-heading text-title-line\">DESCUBRA<\/h3>\n<\/div>\n\n\n\n<div class=\"wp-block-column is-layout-flow wp-block-column-is-layout-flow\" style=\"flex-basis:66.66%\">\n<h2 class=\"wp-block-heading\">VISI\u00d3N Y MISI\u00d3N<\/h2>\n\n\n\n<p>Redefinir el sector inmobiliario poniendo el SERVICIO al frente de todo lo que hacemos. Aplicando la tecnolog\u00eda, la profesionalidad, el marketing de alta calidad, la innovaci\u00f3n y el servicio para transformar la forma en que se lleva a cabo y se percibe la actividad inmobiliaria. <\/p>\n\n\n\n<p>Nuestra visi\u00f3n es audaz: al ofrecer un SERVICIO INIGUALABLE, con transparencia e integridad constantes, nuestro objetivo es establecer relaciones duraderas con nuestros clientes.<\/p>\n<\/div>\n<\/div>\n<\/div><\/section>\n<\/div><\/div>\n\n\n\n<div class=\"wp-block-group\"><div class=\"wp-block-group__inner-container is-layout-constrained wp-block-group-is-layout-constrained\">\n<section class=\"wp-block-group content-width\"><div class=\"wp-block-group__inner-container is-layout-constrained wp-block-group-is-layout-constrained\">\n<p class=\"about-us__message\">\u00bfNo est\u00e1 seguro de qu\u00e9 zona de la isla se adapta mejor a sus necesidades?<br>P\u00f3ngase en contacto con nosotros o re\u00fanase con nosotros para tomar un caf\u00e9 y comentar sus dudas.<\/p>\n<\/div><\/section>\n<\/div><\/div>\n\n\n\n<figure class=\"wp-block-gallery has-nested-images columns-default about-us-slider wp-block-gallery-1 is-layout-flex wp-block-gallery-is-layout-flex\">\n<figure class=\"wp-block-image size-full\"><img loading=\"lazy\" decoding=\"async\" width=\"768\" height=\"1152\" data-id=\"237\" src=\"https:\/\/chkestate.com\/wp-content\/uploads\/2024\/09\/6.png\" alt=\"\" class=\"wp-image-237\" srcset=\"https:\/\/chkestate.com\/wp-content\/uploads\/2024\/09\/6.png 768w, https:\/\/chkestate.com\/wp-content\/uploads\/2024\/09\/6-200x300.png 200w, https:\/\/chkestate.com\/wp-content\/uploads\/2024\/09\/6-683x1024.png 683w\" sizes=\"auto, (max-width: 768px) 100vw, 768px\" \/><\/figure>\n\n\n\n<figure class=\"wp-block-image size-full\"><img loading=\"lazy\" decoding=\"async\" width=\"1152\" height=\"768\" data-id=\"240\" src=\"https:\/\/chkestate.com\/wp-content\/uploads\/2024\/09\/1-1.png\" alt=\"\" class=\"wp-image-240\" srcset=\"https:\/\/chkestate.com\/wp-content\/uploads\/2024\/09\/1-1.png 1152w, https:\/\/chkestate.com\/wp-content\/uploads\/2024\/09\/1-1-300x200.png 300w, https:\/\/chkestate.com\/wp-content\/uploads\/2024\/09\/1-1-1024x683.png 1024w, https:\/\/chkestate.com\/wp-content\/uploads\/2024\/09\/1-1-768x512.png 768w\" sizes=\"auto, (max-width: 1152px) 100vw, 1152px\" \/><\/figure>\n\n\n\n<figure class=\"wp-block-image size-full\"><img loading=\"lazy\" decoding=\"async\" width=\"768\" height=\"954\" data-id=\"243\" src=\"https:\/\/chkestate.com\/wp-content\/uploads\/2024\/09\/2.png\" alt=\"\" class=\"wp-image-243\" srcset=\"https:\/\/chkestate.com\/wp-content\/uploads\/2024\/09\/2.png 768w, https:\/\/chkestate.com\/wp-content\/uploads\/2024\/09\/2-242x300.png 242w\" sizes=\"auto, (max-width: 768px) 100vw, 768px\" \/><\/figure>\n\n\n\n<figure class=\"wp-block-image size-full\"><img loading=\"lazy\" decoding=\"async\" width=\"768\" height=\"1152\" data-id=\"246\" src=\"https:\/\/chkestate.com\/wp-content\/uploads\/2024\/09\/3.png\" alt=\"\" class=\"wp-image-246\" srcset=\"https:\/\/chkestate.com\/wp-content\/uploads\/2024\/09\/3.png 768w, https:\/\/chkestate.com\/wp-content\/uploads\/2024\/09\/3-200x300.png 200w, https:\/\/chkestate.com\/wp-content\/uploads\/2024\/09\/3-683x1024.png 683w\" sizes=\"auto, (max-width: 768px) 100vw, 768px\" \/><\/figure>\n\n\n\n<figure class=\"wp-block-image size-full\"><img loading=\"lazy\" decoding=\"async\" width=\"1152\" height=\"768\" data-id=\"249\" src=\"https:\/\/chkestate.com\/wp-content\/uploads\/2024\/09\/4.png\" alt=\"\" class=\"wp-image-249\" srcset=\"https:\/\/chkestate.com\/wp-content\/uploads\/2024\/09\/4.png 1152w, https:\/\/chkestate.com\/wp-content\/uploads\/2024\/09\/4-300x200.png 300w, https:\/\/chkestate.com\/wp-content\/uploads\/2024\/09\/4-1024x683.png 1024w, https:\/\/chkestate.com\/wp-content\/uploads\/2024\/09\/4-768x512.png 768w\" sizes=\"auto, (max-width: 1152px) 100vw, 1152px\" \/><\/figure>\n\n\n\n<figure class=\"wp-block-image size-full\"><img loading=\"lazy\" decoding=\"async\" width=\"1365\" height=\"768\" data-id=\"252\" src=\"https:\/\/chkestate.com\/wp-content\/uploads\/2024\/09\/5.png\" alt=\"\" class=\"wp-image-252\" srcset=\"https:\/\/chkestate.com\/wp-content\/uploads\/2024\/09\/5.png 1365w, https:\/\/chkestate.com\/wp-content\/uploads\/2024\/09\/5-300x169.png 300w, https:\/\/chkestate.com\/wp-content\/uploads\/2024\/09\/5-1024x576.png 1024w, https:\/\/chkestate.com\/wp-content\/uploads\/2024\/09\/5-768x432.png 768w\" sizes=\"auto, (max-width: 1365px) 100vw, 1365px\" \/><\/figure>\n<\/figure>\n\n\n\n<section class=\"wp-block-cover section-contact\"><span aria-hidden=\"true\" class=\"wp-block-cover__background has-background-dim\" style=\"background-color:#444238\"><\/span><img decoding=\"async\" class=\"wp-block-cover__image-background wp-image-142\" alt=\"\" src=\"https:\/\/chkestate.com\/wp-content\/uploads\/2024\/09\/contact-1.png\" data-object-fit=\"cover\"\/><div class=\"wp-block-cover__inner-container is-layout-constrained wp-block-cover-is-layout-constrained\">\n<div class=\"wp-block-columns is-layout-flex wp-container-core-columns-is-layout-9d6595d7 wp-block-columns-is-layout-flex\">\n<div class=\"wp-block-column is-layout-flow wp-block-column-is-layout-flow\" style=\"flex-basis:100%\">\n<h2 class=\"wp-block-heading\">Suscr\u00edbase<\/h2>\n\n\n\n<p>Suscr\u00edbase y sea el primero en descubrir<\/p>\n\n\n\n<div class=\"wp-block-contact-form-7-contact-form-selector\">\n<div class=\"wpcf7 no-js\" id=\"wpcf7-f152-o1\" lang=\"es-ES\" dir=\"ltr\" data-wpcf7-id=\"152\">\n<div class=\"screen-reader-response\"><p role=\"status\" aria-live=\"polite\" aria-atomic=\"true\"><\/p> <ul><\/ul><\/div>\n<form action=\"\/es\/wp-json\/wp\/v2\/pages\/16#wpcf7-f152-o1\" method=\"post\" class=\"wpcf7-form init\" aria-label=\"Formulario de contacto\" novalidate=\"novalidate\" data-status=\"init\">\n<fieldset class=\"hidden-fields-container\"><input type=\"hidden\" name=\"_wpcf7\" value=\"152\" \/><input type=\"hidden\" name=\"_wpcf7_version\" value=\"6.1.5\" \/><input type=\"hidden\" name=\"_wpcf7_locale\" value=\"es_ES\" \/><input type=\"hidden\" name=\"_wpcf7_unit_tag\" value=\"wpcf7-f152-o1\" \/><input type=\"hidden\" name=\"_wpcf7_container_post\" value=\"0\" \/><input type=\"hidden\" name=\"_wpcf7_posted_data_hash\" value=\"\" \/><input type=\"hidden\" name=\"_wpcf7_recaptcha_response\" value=\"\" \/>\n<\/fieldset>\n<div class=\"section-contact-form\">\n\t<p><span class=\"wpcf7-form-control-wrap\" data-name=\"your-email\"><input size=\"40\" maxlength=\"400\" class=\"wpcf7-form-control wpcf7-email wpcf7-validates-as-required wpcf7-text wpcf7-validates-as-email\" aria-required=\"true\" aria-invalid=\"false\" placeholder=\"Email*\" value=\"\" type=\"email\" name=\"your-email\" \/><\/span>\n\t<\/p>\n\t<p><input class=\"wpcf7-form-control wpcf7-submit has-spinner\" type=\"submit\" value=\"Enviar\" \/>\n\t<\/p>\n\t<p class=\"full-width\"><span class=\"wpcf7-form-control-wrap\" data-name=\"privacy\"><span class=\"wpcf7-form-control wpcf7-acceptance\"><span class=\"wpcf7-list-item\"><label><input type=\"checkbox\" name=\"privacy\" value=\"1\" aria-invalid=\"false\" \/><span class=\"wpcf7-list-item-label\">Estoy de acuerdo con la <a target=\"_blank\" href=\"\/politica-de-privacidad\/\">pol\u00edtica de privacidad<\/a><\/span><\/label><\/span><\/span><\/span>\n\t<\/p>\n<\/div><div class=\"wpcf7-response-output\" aria-hidden=\"true\"><\/div>\n<\/form>\n<\/div>\n<\/div>\n<\/div>\n<\/div>\n<\/div><\/section>\n","protected":false},"excerpt":{"rendered":"<p>Qui\u00e9nes somos Acerca de Chistian Hidalgo CHK Real Estate fue fundada por Christian Hidalgo. Un palmesano que creci\u00f3 en un hogar triling\u00fce, de espa\u00f1ol, ingl\u00e9s y alem\u00e1n. A los 18 a\u00f1os, dej\u00f3 Mallorca para estudiar derecho y pas\u00f3 a ejercer la abogac\u00eda financiera y corporativa durante m\u00e1s de 10 a\u00f1os. Tras su carrera en el [&hellip;]<\/p>\n","protected":false},"author":1,"featured_media":0,"parent":0,"menu_order":0,"comment_status":"closed","ping_status":"closed","template":"","meta":{"inline_featured_image":false,"footnotes":""},"class_list":["post-16","page","type-page","status-publish","hentry"],"_links":{"self":[{"href":"https:\/\/chkestate.com\/es\/wp-json\/wp\/v2\/pages\/16","targetHints":{"allow":["GET"]}}],"collection":[{"href":"https:\/\/chkestate.com\/es\/wp-json\/wp\/v2\/pages"}],"about":[{"href":"https:\/\/chkestate.com\/es\/wp-json\/wp\/v2\/types\/page"}],"author":[{"embeddable":true,"href":"https:\/\/chkestate.com\/es\/wp-json\/wp\/v2\/users\/1"}],"replies":[{"embeddable":true,"href":"https:\/\/chkestate.com\/es\/wp-json\/wp\/v2\/comments?post=16"}],"version-history":[{"count":32,"href":"https:\/\/chkestate.com\/es\/wp-json\/wp\/v2\/pages\/16\/revisions"}],"predecessor-version":[{"id":43297,"href":"https:\/\/chkestate.com\/es\/wp-json\/wp\/v2\/pages\/16\/revisions\/43297"}],"wp:attachment":[{"href":"https:\/\/chkestate.com\/es\/wp-json\/wp\/v2\/media?parent=16"}],"curies":[{"name":"wp","href":"https:\/\/api.w.org\/{rel}","templated":true}]}}