{"id":289,"date":"2024-09-30T05:33:10","date_gmt":"2024-09-30T05:33:10","guid":{"rendered":"http:\/\/chkestate.com\/?page_id=289"},"modified":"2024-12-31T07:40:47","modified_gmt":"2024-12-31T07:40:47","slug":"accesibilidad","status":"publish","type":"page","link":"https:\/\/chkestate.com\/es\/accesibilidad\/","title":{"rendered":"Accesibilidad"},"content":{"rendered":"\n<p>CHK Estate se compromete a hacer accesible\u00a0<a href=\"https:\/\/aurkacharts.net\/\">https:\/\/www.chkestate.com\/<\/a>, de acuerdo con el Real Decreto 1112\/2018, de 7 de septiembre, sobre accesibilidad de los sitios web y aplicaciones del sector p\u00fablico para dispositivos m\u00f3viles.<\/p>\n\n\n\n<p>La presente declaraci\u00f3n de accesibilidad es de aplicaci\u00f3n al sitio web\u00a0<a href=\"https:\/\/www.chkestate.com\/\">https:\/\/www.chkestate.com\/<\/a>,<\/p>\n\n\n\n<p>Este sitio web cumple \u00edntegramente con el RD 1112\/2018.<\/p>\n","protected":false},"excerpt":{"rendered":"<p>CHK Estate se compromete a hacer accesible\u00a0https:\/\/www.chkestate.com\/, de acuerdo con el Real Decreto 1112\/2018, de 7 de septiembre, sobre accesibilidad de los sitios web y aplicaciones del sector p\u00fablico para dispositivos m\u00f3viles. La presente declaraci\u00f3n de accesibilidad es de aplicaci\u00f3n al sitio web\u00a0https:\/\/www.chkestate.com\/, Este sitio web cumple \u00edntegramente con el RD 1112\/2018.<\/p>\n","protected":false},"author":1,"featured_media":0,"parent":0,"menu_order":0,"comment_status":"closed","ping_status":"closed","template":"page-info.php","meta":{"inline_featured_image":false,"footnotes":""},"class_list":["post-289","page","type-page","status-publish","hentry"],"_links":{"self":[{"href":"https:\/\/chkestate.com\/es\/wp-json\/wp\/v2\/pages\/289","targetHints":{"allow":["GET"]}}],"collection":[{"href":"https:\/\/chkestate.com\/es\/wp-json\/wp\/v2\/pages"}],"about":[{"href":"https:\/\/chkestate.com\/es\/wp-json\/wp\/v2\/types\/page"}],"author":[{"embeddable":true,"href":"https:\/\/chkestate.com\/es\/wp-json\/wp\/v2\/users\/1"}],"replies":[{"embeddable":true,"href":"https:\/\/chkestate.com\/es\/wp-json\/wp\/v2\/comments?post=289"}],"version-history":[{"count":1,"href":"https:\/\/chkestate.com\/es\/wp-json\/wp\/v2\/pages\/289\/revisions"}],"predecessor-version":[{"id":290,"href":"https:\/\/chkestate.com\/es\/wp-json\/wp\/v2\/pages\/289\/revisions\/290"}],"wp:attachment":[{"href":"https:\/\/chkestate.com\/es\/wp-json\/wp\/v2\/media?parent=289"}],"curies":[{"name":"wp","href":"https:\/\/api.w.org\/{rel}","templated":true}]}}